{"id":13,"date":"2010-11-21T00:44:18","date_gmt":"2010-11-20T22:44:18","guid":{"rendered":"http:\/\/yedidia.net\/szk\/?page_id=13"},"modified":"2010-12-05T18:56:16","modified_gmt":"2010-12-05T16:56:16","slug":"%d7%94%d7%a9%d7%97%d7%a8%d7%95%d7%a8","status":"publish","type":"page","link":"https:\/\/yedidia.net\/szk\/?page_id=13","title":{"rendered":"\u05d4\u05e9\u05d7\u05e8\u05d5\u05e8"},"content":{"rendered":"<p style=\"margin-bottom: 0in;\"><span style=\"font-family: DejaVu Sans;\">\u05d1\u05dc\u05d9 \u05d0\u05e4\u05e9\u05e8\u05d5\u05ea \u05dc\u05e7\u05d1\u05dc \u05de\u05d9\u05d3\u05e2 \u05d4\u05e9\u05d1\u05d5\u05d9\u05d9\u05dd \u05e9\u05de\u05e2\u05d5 \u05d0\u05ea \u05d4\u05e4\u05e6\u05e6\u05d5\u05ea \u05d1\u05e0\u05d5\u05ea \u05d4\u05d1\u05e8\u05d9\u05ea \u05e2\u05dc \u05d4\u05e2\u05e8\u05d9\u05dd \u05d4\u05d2\u05e8\u05de\u05e0\u05d9\u05d5\u05ea \u05d5\u05d4\u05d1\u05d9\u05e0\u05d5 \u05e9\u05d4\u05ea\u05d1\u05d5\u05e1\u05d4 \u05d4\u05d2\u05e8\u05de\u05e0\u05d9\u05ea \u05de\u05ea\u05e7\u05e8\u05d1\u05ea<\/span>.<\/p>\n<p style=\"margin-bottom: 0in;\"><span style=\"font-family: DejaVu Sans;\">\u05d1\u05ea\u05d0\u05e8\u05d9\u05da \u05d9&quot;\u05d1 \u05d0\u05d9\u05d9\u05e8 \u05ea\u05e9&quot;\u05d4 <\/span>(25 \u05d0\u05e4\u05e8\u05d9\u05dc 1945) <span style=\"font-family: DejaVu Sans;\">\u05d1\u05e8\u05d7\u05d5 \u05d4\u05d7\u05d9\u05d9\u05dc\u05d9\u05dd \u05d4\u05d2\u05e8\u05de\u05e0\u05d9\u05dd \u05de\u05e4\u05e0\u05d9 \u05e6\u05d1\u05d0 \u05d1\u05e0\u05d5\u05ea \u05d4\u05d1\u05e8\u05d9\u05ea \u05d4\u05de\u05ea\u05e7\u05e8\u05d1<\/span>. <span style=\"font-family: DejaVu Sans;\">\u05d1\u05dc\u05d9 \u05dc\u05d4\u05de\u05ea\u05d9\u05df \u05dc\u05d4\u05d2\u05e2\u05ea \u05d4\u05e6\u05d1\u05d0 \u05d4\u05d0\u05de\u05e8\u05d9\u05e7\u05d0\u05d9 \u05dc\u05e7\u05d7\u05d5 \u05d7\u05d9\u05d9\u05dc\u05d9\u05dd \u05d0\u05d7\u05d3\u05d9\u05dd \u05de\u05e9\u05d0\u05d9\u05ea \u05d5\u05e0\u05e1\u05e2\u05d5 \u05dc\u05db\u05d9\u05d5\u05d5\u05df \u05e6\u05e8\u05e4\u05ea \u05d4\u05de\u05e9\u05d5\u05d7\u05e8\u05e8\u05ea<\/span>. <span style=\"font-family: DejaVu Sans;\">\u05d4\u05d9\u05d8\u05dc\u05e8 \u05d9\u05de<\/span>&quot;<span style=\"font-family: DejaVu Sans;\">\u05e9 \u05d4\u05d1\u05d8\u05d9\u05d7 \u05dc\u05e2\u05de\u05d5 \u05e9\u05d4\u05dd <\/span>&quot;<span style=\"font-family: DejaVu Sans;\">\u05dc\u05d0 \u05d9\u05db\u05d9\u05e8\u05d5 \u05d0\u05ea \u05d2\u05e8\u05de\u05e0\u05d9\u05d4<\/span>&quot; <span style=\"font-family: DejaVu Sans;\">\u05d5\u05d0\u05db\u05df \u05e0\u05d1\u05d5\u05d0\u05ea\u05d5 \u05d6\u05d0\u05ea \u05d4\u05ea\u05de\u05de\u05e9\u05d4<\/span>, <span style=\"font-family: DejaVu Sans;\">\u05d2\u05e8\u05de\u05e0\u05d9\u05d4 \u05d4\u05d9\u05ea\u05d4 \u05db\u05d5\u05dc\u05d4 \u05d0\u05d9\u05d9 \u05d7\u05e8\u05d1\u05d5\u05ea \u05dc\u05dc\u05d0 \u05d4\u05db\u05e8<\/span>.<\/p>\n<p style=\"margin-bottom: 0in;\">\u05dc\u05d4\u05dc\u05df \u05d4\u05e8\u05e9\u05d9\u05de\u05d4 \u05e9\u05e0\u05de\u05e6\u05d0\u05d4 \u05d1\u05e1\u05d9\u05d3\u05d5\u05e8 \u05e8\u05e2\u05d3\u05e2\u05dc\u05d4\u05d9\u05d9\u05dd \u05d4\u05e7\u05d8\u05df \u05e9\u05d4\u05d9\u05d4 \u05d0\u05ea\u05d5 \u05db\u05dc \u05d4\u05e2\u05ea:<\/p>\n<table dir=\"rtl\" border=\"2\" cellspacing=\"1\" cellpadding=\"0\">\n<tbody>\n<tr dir=\"rtl\" lang=\"he-IL\" align=\"center\">\n<th align=\"center\">\u05de\u05e7\u05d5\u05dd<\/th>\n<th align=\"center\">\u05de\u05ea\u05d0\u05e8\u05d9\u05da<\/th>\n<th align=\"center\">\u05e2\u05d3 \u05ea\u05d0\u05e8\u05d9\u05da<\/th>\n<th align=\"center\">\u05d7\u05d5\u05d3\u05e9\u05d9\u05dd<\/th>\n<th align=\"center\">\u05de\u05d2\u05d9\u05e0\u05d4<\/th>\n<\/tr>\n<tr>\n<td dir=\"ltr\" align=\"left\">Marten (Rotdenmuehl)<\/td>\n<td>22\/08\/1939<\/td>\n<td>08\/06\/1940<\/td>\n<td align=\"center\">9<\/td>\n<td dir=\"rtl\" lang=\"he-IL\" align=\"right\">\u05e6\u05e8\u05e4\u05ea<\/td>\n<\/tr>\n<tr>\n<td dir=\"ltr\" align=\"left\">Trimbergh (avant-postes)<\/td>\n<td>08\/06\/1940<\/td>\n<td>14\/06\/1940<\/td>\n<td align=\"center\">0<\/td>\n<td dir=\"rtl\" lang=\"he-IL\" align=\"right\">\u05e6\u05e8\u05e4\u05ea<\/td>\n<\/tr>\n<tr>\n<td dir=\"ltr\" align=\"left\">Marten (Rotdenmuehl)<\/td>\n<td>14\/06\/1940<\/td>\n<td>02\/07\/1940<\/td>\n<td align=\"center\">0<\/td>\n<td dir=\"rtl\" lang=\"he-IL\" align=\"right\">\u05e6\u05e8\u05e4\u05ea<\/td>\n<\/tr>\n<tr>\n<td colspan=\"5\" align=\"center\">\u05e9\u05d1\u05d9<\/td>\n<\/tr>\n<tr>\n<td dir=\"ltr\" align=\"left\">Haguenau<\/td>\n<td>12\/07\/1940<\/td>\n<td>02\/08\/1940<\/td>\n<td align=\"center\">0<\/td>\n<td dir=\"rtl\" lang=\"he-IL\" align=\"right\">\u05e6\u05e8\u05e4\u05ea<\/td>\n<\/tr>\n<tr>\n<td dir=\"ltr\" align=\"left\">Sessenheim<\/td>\n<td>02\/04\/1940<\/td>\n<td>02\/09\/1940<\/td>\n<td align=\"center\">5<\/td>\n<td dir=\"rtl\" lang=\"he-IL\" align=\"right\">\u05e6\u05e8\u05e4\u05ea<\/td>\n<\/tr>\n<tr>\n<td dir=\"ltr\" align=\"left\">Ludurgsburg<\/td>\n<td>03\/09\/1940<\/td>\n<td>12\/09\/1940<\/td>\n<td align=\"center\">0<\/td>\n<td dir=\"rtl\" lang=\"he-IL\" align=\"right\">\u05d2\u05e8\u05de\u05e0\u05d9\u05d4<\/td>\n<\/tr>\n<tr>\n<td dir=\"ltr\" align=\"left\">Munsingen<\/td>\n<td>12\/09\/1940<\/td>\n<td>27\/05\/1941<\/td>\n<td align=\"center\">8<\/td>\n<td dir=\"rtl\" lang=\"he-IL\" align=\"right\">\u05d2\u05e8\u05de\u05e0\u05d9\u05d4<\/td>\n<\/tr>\n<tr>\n<td dir=\"ltr\" align=\"left\">Berau<\/td>\n<td>29\/05\/1941<\/td>\n<td>12\/11\/1941<\/td>\n<td align=\"center\">5<\/td>\n<td dir=\"rtl\" lang=\"he-IL\" align=\"right\">\u05d2\u05e8\u05de\u05e0\u05d9\u05d4<\/td>\n<\/tr>\n<tr>\n<td dir=\"ltr\" align=\"left\">Villingen<\/td>\n<td>13\/11\/1941<\/td>\n<td>07\/01\/1942<\/td>\n<td align=\"center\">1<\/td>\n<td dir=\"rtl\" lang=\"he-IL\" align=\"right\">\u05d2\u05e8\u05de\u05e0\u05d9\u05d4<\/td>\n<\/tr>\n<tr>\n<td dir=\"ltr\" align=\"left\">Triberg<\/td>\n<td>07\/01\/1942<\/td>\n<td>07\/01\/1943<\/td>\n<td align=\"center\">12<\/td>\n<td dir=\"rtl\" lang=\"he-IL\" align=\"right\">\u05d2\u05e8\u05de\u05e0\u05d9\u05d4<\/td>\n<\/tr>\n<tr>\n<td dir=\"ltr\" align=\"left\">Schwenningen<\/td>\n<td>11\/01\/1943<\/td>\n<td>29\/04\/1944<\/td>\n<td align=\"center\">15<\/td>\n<td dir=\"rtl\" lang=\"he-IL\" align=\"right\">\u05d2\u05e8\u05de\u05e0\u05d9\u05d4<\/td>\n<\/tr>\n<tr>\n<td dir=\"ltr\" align=\"left\">Schramberg<\/td>\n<td>29\/04\/1944<\/td>\n<td>18\/04\/1945<\/td>\n<td align=\"center\">11<\/td>\n<td dir=\"rtl\" lang=\"he-IL\" align=\"right\">\u05d2\u05e8\u05de\u05e0\u05d9\u05d4<\/td>\n<\/tr>\n<tr>\n<td dir=\"ltr\" align=\"left\">Villingen<\/td>\n<td>18\/04\/1945<\/td>\n<td>23\/04\/1945<\/td>\n<td align=\"center\">0<\/td>\n<td dir=\"rtl\" lang=\"he-IL\" align=\"right\">\u05d2\u05e8\u05de\u05e0\u05d9\u05d4<\/td>\n<\/tr>\n<tr>\n<td colspan=\"5\" align=\"center\">\u05d1\u05e8\u05d5\u05da \u05d0\u05ea\u05d4 \u05d4' \u05de\u05ea\u05d9\u05e8 \u05d0\u05e1\u05d5\u05e8\u05d9\u05dd<\/td>\n<\/tr>\n<\/tbody>\n<\/table>\n<p>\ufeff<\/p>\n<p style=\"margin-bottom: 0in;\">\ufeff\ufeff\u05e9\u05d5\u05d7\u05e8\u05e8 \u05e2\u05dc \u05d9\u05d3\u05d9 \u05d4\u05e6\u05d1\u05d0 \u05d4\u05e6\u05e8\u05e4\u05ea\u05d9 \u05d4\u05e8\u05d0\u05e9\u05d5\u05df (premi\u00e8re arm\u00e9e fran\u00e7aise) \u05d1\u05ea\u05d0\u05e8\u05d9\u05da 20\/4\/1945: \u05d1\u05e8\u05d5\u05da \u05d0\u05ea\u05d4 \u05d4' \u05de\u05ea\u05d9\u05e8 \u05d0\u05e1\u05d5\u05e8\u05d9\u05dd.<\/p>\n<p style=\"margin-bottom: 0in;\"><span style=\"font-family: DejaVu Sans;\">\u05e9\u05dc\u05de\u05d4 \u05d6\u05d0\u05d1 \u05d4\u05d2\u05d9\u05e2 \u05d1\u05e2\u05e8\u05d1 \u05e9\u05d1\u05ea \u05dc\u05e2\u05d9\u05e8 \u05e8\u05d5\u05d0\u05df (Roanne) \u05e9\u05dd \u05d7\u05e9\u05d1 \u05dc\u05de\u05e6\u05d5\u05d0 \u05d0\u05ea \u05de\u05e9\u05e4\u05d7\u05ea\u05d5. \u05d4\u05d5\u05d0 \u05dc\u05d0 \u05d6\u05db\u05d4 \u05dc\u05de\u05e7\u05dc\u05d7\u05ea \u05ea\u05e7\u05d5\u05e4\u05d4 \u05d0\u05e8\u05d5\u05db\u05d4 \u05d5\u05d2\u05dd \u05d4\u05de\u05d3\u05d9\u05dd \u05e9\u05dc\u05d5 \u05d4\u05d9\u05d5 \u05d1\u05de\u05e6\u05d1 \u05d2\u05e8\u05d5\u05e2 \u05d1\u05d9\u05d5\u05ea\u05e8. \u05d1\u05de\u05e6\u05d1 \u05d4\u05d6\u05d4 \u05d4\u05d5\u05d0 \u05d4\u05d2\u05d9\u05e2 \u05dc\u05d1\u05d9\u05ea \u05d4\u05db\u05e0\u05e1\u05ea \u05d4\u05de\u05e7\u05d5\u05de\u05d9 \u05dc\u05ea\u05e4\u05d9\u05dc\u05ea \u05e7\u05d1\u05dc\u05ea \u05e9\u05d1\u05ea. \u05db\u05d0\u05e9\u05e8 \u05d4\u05d2\u05d9\u05e2\u05d5 \u05dc\u05e7\u05d3\u05d9\u05e9 \u05d9\u05ea\u05d5\u05dd \u05d0\u05d7\u05d3 \u05d4\u05de\u05ea\u05e4\u05dc\u05dc\u05d9\u05dd \u05e9\u05d6\u05d9\u05d4\u05d4 \u05d0\u05d5\u05ea\u05d5 \u05d0\u05de\u05e8 \u05dc\u05d5 \u05dc\u05d4\u05d2\u05d9\u05d3 &quot;\u05e7\u05d3\u05d9\u05e9&quot;. \u05db\u05da \u05e0\u05d5\u05d3\u05e2 \u05dc\u05d5 \u05e2\u05dc \u05e4\u05d8\u05d9\u05e8\u05ea \u05d0\u05d1\u05d9\u05d5 <\/span>(\u05e9\u05e0\u05e4\u05d8\u05e8 \u05d1-\u05db' \u05e0\u05d9\u05e1\u05df \u05ea\u05e9&quot;\u05d4)<span style=\"font-family: DejaVu Sans;\">. \u05d0\u05d7\u05d3 \u05d4\u05de\u05ea\u05e4\u05dc\u05dc\u05d9\u05dd \u05d4\u05d6\u05de\u05d9\u05df \u05d0\u05d5\u05ea\u05d5 \u05dc\u05e9\u05d1\u05ea \u05dc\u05de\u05e8\u05d5\u05ea \u05d4\u05de\u05e8\u05d0\u05d4 \u05d4\u05d7\u05d9\u05e6\u05d5\u05e0\u05d9 \u05e9\u05dc\u05d5. \u05d0\u05d7\u05e8\u05d9 \u05d4\u05e9\u05d1\u05ea \u05d4\u05d5\u05d0 \u05d4\u05d2\u05d9\u05e2 \u05d4\u05d1\u05d9\u05ea\u05d4 \u05dc\u05d5\u05d9\u05e9\u05d9 <\/span>(Vichy, 54 rue de Vingr\u00e9) \u05e9\u05dd \u05e0\u05d5\u05d3\u05e2 \u05dc\u05d5 \u05d2\u05dd<span style=\"font-family: DejaVu Sans;\"> <\/span> <span style=\"font-family: DejaVu Sans;\">\u05e2\u05dc \u05e8\u05e6\u05d7 \u05e9\u05ea\u05d9\u05d9\u05dd \u05de\u05d0\u05d7\u05d9\u05d5\u05ea\u05d9\u05d5 \u05d5\u05d0\u05d7\u05d9\u05d5 \u05d7\u05d9\u05d9\u05dd \u05d4\u05d9<\/span>&quot;<span style=\"font-family: DejaVu Sans;\">\u05d3<\/span>. <span style=\"font-family: DejaVu Sans;\">\u05d4\u05d5\u05d0 \u05d9\u05e9\u05d1 \u05e9\u05d1\u05e2\u05d4 \u05e2\u05dc \u05d0\u05d1\u05d9\u05d5 \u05dc\u05d1\u05d3\u05d5 \u05d5\u05e7\u05d1\u05dc \u05ea\u05e0\u05d7\u05d5\u05de\u05d9\u05dd \u05de\u05d4\u05d9\u05d4\u05d5\u05d3\u05d9\u05dd \u05e9\u05e0\u05d5\u05ea\u05e8\u05d5<\/span>. \u05d1\u05e0\u05d9 \u05d4\u05de\u05e9\u05e4\u05d7\u05d4 \u05d4\u05e7\u05e8\u05d5\u05d1\u05d9\u05dd \u05ea\u05e8\u05de\u05d5 \u05dc\u05d5 \u05ea\u05dc\u05d5\u05e9\u05d9 \u05d1\u05d9\u05d2\u05d5\u05d3 \u05db\u05d3\u05d9 \u05e9\u05d9\u05d5\u05db\u05dc \u05dc\u05e7\u05e0\u05d5\u05ea \u05dc\u05d5 \u05d7\u05dc\u05d9\u05e4\u05d4 \u05d0\u05d6\u05e8\u05d7\u05d9\u05ea \u05d0\u05d7\u05ea.<\/p>\n<p style=\"margin-bottom: 0in;\"><span style=\"font-family: DejaVu Sans;\">\u05d1\u05db\u05da \u05d4\u05e1\u05ea\u05d9\u05d9\u05de\u05d5 \u05e9\u05de\u05d5\u05e0\u05d4 \u05e9\u05e0\u05d5\u05ea \u05e9\u05e8\u05d5\u05ea \u05d1\u05e6\u05d1\u05d0 \u05d4\u05e6\u05e8\u05e4\u05ea\u05d9<\/span>. <span style=\"font-family: DejaVu Sans;\">\u05d4\u05d5\u05d0 \u05d4\u05ea\u05d1\u05d8\u05d0 \u05e9\u05d7\u05e1\u05d3 \u05d4\u05d9\u05d4 \u05dc\u05d5 \u05e9\u05dc\u05d0 \u05d9\u05d3\u05e2 \u05de\u05e8\u05d0\u05e9 \u05e9\u05d9\u05d9\u05e9\u05d0\u05e8 \u05dc\u05e9\u05e8\u05ea \u05d1\u05e6\u05d1\u05d0 \u05d4\u05e6\u05e8\u05e4\u05ea\u05d9 \u05d5\u05d1\u05e9\u05d1\u05d9 \u05d6\u05de\u05df \u05e8\u05d1 \u05db\u05dc \u05db\u05da<\/span>. <span style=\"font-family: DejaVu Sans;\">\u05db\u05d0\u05e9\u05e8 \u05d4\u05d1\u05e0\u05d9\u05dd \u05d4\u05d9\u05e9\u05d9\u05d2\u05d5 \u05e4\u05d8\u05d5\u05e8\u05d9\u05dd \u05de\u05e9\u05e8\u05d5\u05ea \u05d4\u05d5\u05d0 \u05d4\u05e4\u05d8\u05d9\u05e8 \u05e9\u05d4\u05d5\u05d0 \u05e9\u05d9\u05e8\u05ea \u05d1\u05e6\u05d1\u05d0 \u05d1\u05e9\u05d1\u05d9\u05dc \u05db\u05dc \u05d4\u05d1\u05e0\u05d9\u05dd \u05d5\u05de\u05d2\u05d9\u05e2 \u05dc\u05d1\u05e0\u05d9\u05dd \u05e9\u05dc\u05d5 \u05e4\u05d8\u05d5\u05e8 \u05de\u05e9\u05d5\u05dd \u05db\u05da<\/span>.<\/p>\n<p style=\"margin-bottom: 0in;\"><span style=\"font-family: DejaVu Sans;\">\u05d0\u05ea \u05d4\u05e4\u05d9\u05e6\u05d5\u05d9 \u05e9\u05d4\u05d5\u05d0 \u05e7\u05d1\u05dc \u05de\u05d4\u05de\u05d3\u05d9\u05e0\u05d4 \u05db\u05e9\u05d1\u05d5\u05d9 \u05d7\u05d5\u05d6\u05e8 \u05d4\u05d5\u05d0 \u05d4\u05e2\u05d1\u05d9\u05e8 \u05d1\u05d8\u05d1\u05e2\u05d9\u05d5\u05ea \u05dc\u05d0\u05de\u05d0 \u05e9\u05dc\u05d5<\/span>.<\/p>\n","protected":false},"excerpt":{"rendered":"<p>\u05d1\u05dc\u05d9 \u05d0\u05e4\u05e9\u05e8\u05d5\u05ea \u05dc\u05e7\u05d1\u05dc \u05de\u05d9\u05d3\u05e2 \u05d4\u05e9\u05d1\u05d5\u05d9\u05d9\u05dd \u05e9\u05de\u05e2\u05d5 \u05d0\u05ea \u05d4\u05e4\u05e6\u05e6\u05d5\u05ea \u05d1\u05e0\u05d5\u05ea \u05d4\u05d1\u05e8\u05d9\u05ea \u05e2\u05dc \u05d4\u05e2\u05e8\u05d9\u05dd \u05d4\u05d2\u05e8\u05de\u05e0\u05d9\u05d5\u05ea \u05d5\u05d4\u05d1\u05d9\u05e0\u05d5 \u05e9\u05d4\u05ea\u05d1\u05d5\u05e1\u05d4 \u05d4\u05d2\u05e8\u05de\u05e0\u05d9\u05ea \u05de\u05ea\u05e7\u05e8\u05d1\u05ea. \u05d1\u05ea\u05d0\u05e8\u05d9\u05da \u05d9&quot;\u05d1 \u05d0\u05d9\u05d9\u05e8 \u05ea\u05e9&quot;\u05d4 (25 \u05d0\u05e4\u05e8\u05d9\u05dc 1945) \u05d1\u05e8\u05d7\u05d5 \u05d4\u05d7\u05d9\u05d9\u05dc\u05d9\u05dd \u05d4\u05d2\u05e8\u05de\u05e0\u05d9\u05dd \u05de\u05e4\u05e0\u05d9 \u05e6\u05d1\u05d0 \u05d1\u05e0\u05d5\u05ea \u05d4\u05d1\u05e8\u05d9\u05ea \u05d4\u05de\u05ea\u05e7\u05e8\u05d1. \u05d1\u05dc\u05d9 \u05dc\u05d4\u05de\u05ea\u05d9\u05df \u05dc\u05d4\u05d2\u05e2\u05ea \u05d4\u05e6\u05d1\u05d0 \u05d4\u05d0\u05de\u05e8\u05d9\u05e7\u05d0\u05d9 \u05dc\u05e7\u05d7\u05d5 \u05d7\u05d9\u05d9\u05dc\u05d9\u05dd \u05d0\u05d7\u05d3\u05d9\u05dd \u05de\u05e9\u05d0\u05d9\u05ea \u05d5\u05e0\u05e1\u05e2\u05d5 \u05dc\u05db\u05d9\u05d5\u05d5\u05df \u05e6\u05e8\u05e4\u05ea \u05d4\u05de\u05e9\u05d5\u05d7\u05e8\u05e8\u05ea. \u05d4\u05d9\u05d8\u05dc\u05e8 \u05d9\u05de&quot;\u05e9 \u05d4\u05d1\u05d8\u05d9\u05d7 \u05dc\u05e2\u05de\u05d5 \u05e9\u05d4\u05dd &quot;\u05dc\u05d0 \u05d9\u05db\u05d9\u05e8\u05d5 \u05d0\u05ea \u05d2\u05e8\u05de\u05e0\u05d9\u05d4&quot; \u05d5\u05d0\u05db\u05df [&hellip;]<\/p>\n","protected":false},"author":1,"featured_media":0,"parent":0,"menu_order":3,"comment_status":"open","ping_status":"open","template":"","meta":{"footnotes":""},"class_list":["post-13","page","type-page","status-publish","hentry"],"_links":{"self":[{"href":"https:\/\/yedidia.net\/szk\/index.php?rest_route=\/wp\/v2\/pages\/13","targetHints":{"allow":["GET"]}}],"collection":[{"href":"https:\/\/yedidia.net\/szk\/index.php?rest_route=\/wp\/v2\/pages"}],"about":[{"href":"https:\/\/yedidia.net\/szk\/index.php?rest_route=\/wp\/v2\/types\/page"}],"author":[{"embeddable":true,"href":"https:\/\/yedidia.net\/szk\/index.php?rest_route=\/wp\/v2\/users\/1"}],"replies":[{"embeddable":true,"href":"https:\/\/yedidia.net\/szk\/index.php?rest_route=%2Fwp%2Fv2%2Fcomments&post=13"}],"version-history":[{"count":12,"href":"https:\/\/yedidia.net\/szk\/index.php?rest_route=\/wp\/v2\/pages\/13\/revisions"}],"predecessor-version":[{"id":16,"href":"https:\/\/yedidia.net\/szk\/index.php?rest_route=\/wp\/v2\/pages\/13\/revisions\/16"}],"wp:attachment":[{"href":"https:\/\/yedidia.net\/szk\/index.php?rest_route=%2Fwp%2Fv2%2Fmedia&parent=13"}],"curies":[{"name":"wp","href":"https:\/\/api.w.org\/{rel}","templated":true}]}}